{"id":388,"date":"2021-04-23T10:04:13","date_gmt":"2021-04-23T10:04:13","guid":{"rendered":"https:\/\/residenz-am-wald.at\/?page_id=388"},"modified":"2021-06-02T13:26:54","modified_gmt":"2021-06-02T13:26:54","slug":"impressum","status":"publish","type":"page","link":"https:\/\/residenz-am-wald.at\/en\/impressum\/","title":{"rendered":"Impressum"},"content":{"rendered":"<h1><b>Impressum<\/b><\/h1>\n<p>Informationspflicht laut \u00a75 E-Commerce Gesetz, \u00a714 Unternehmensgesetzbuch, \u00a763 Gewerbeordnung und Offenlegungspflicht laut \u00a725 Mediengesetz.<\/p>\n<p>&nbsp;<\/p>\nSalmannsdorfer Stra\u00dfe 88|90 Immobilien GmbH<br \/>\nGersthofer Stra\u00dfe 29-31,<br \/>\n1180 Wien, \u00d6sterreich\n<p>&nbsp;<\/p>\n<b>Gesch\u00e4ftsf\u00fchrer:<\/b><br \/>\nDr. Herbert Hild\n<b>Unternehmensgegenstand:<\/b><br \/>\nErwerb, Verwaltung und Verwertung von Immobilien\n<p><b>UID-Nummer:<\/b> ATU74473857<\/p>\n<p><b>Firmenbuchnummer:<\/b> 499843p<\/p>\n<p><b>Firmenbuchgericht:<\/b> Wien<\/p>\n<p><b>Firmensitz:<\/b> Wien<\/p>\n<p><b>Tel.:<\/b> 01 479 68 58<\/p>\n\n<p>&nbsp;<\/p>\n<p>&nbsp;<\/p>\n<b>Werbeagentur:<\/b><br \/>\n<a href=\"https:\/\/squarebytes.at\">www.squarebytes.at<\/a>\n<p>&nbsp;<\/p>\n<p>Quelle: Erstellt\u00a0mit dem <a href=\"https:\/\/www.firmenwebseiten.at\/impressum-generator\/\">Impressum Generator<\/a> von firmenwebseiten.at<\/p>\n<p>&nbsp;<\/p>\n\n<p>Alle Inhalte dieser Webseite (Bilder, Fotos, Texte, Videos) unterliegen dem Urheberrecht. Falls notwendig, werden wir die unerlaubte Nutzung von Teilen der Inhalte unserer Seite rechtlich verfolgen.<\/p>\n\n<p>Gem\u00e4\u00df Verordnung \u00fcber Online-Streitbeilegung in Verbraucherangelegenheiten (ODR-Verordnung) m\u00f6chten wir Sie \u00fcber die Online-Streitbeilegungsplattform (OS-Plattform) informieren.<\/p>\n<p>Verbraucher haben die M\u00f6glichkeit, Beschwerden an die Online Streitbeilegungsplattform der Europ\u00e4ischen Kommission unter <a href=\"https:\/\/ec.europa.eu\/consumers\/odr\/main\/index.cfm?event=main.home2.show&amp;lng=DE\">http:\/\/ec.europa.eu\/odr?tid=221144651<\/a> zu richten. Die daf\u00fcr notwendigen Kontaktdaten finden Sie oberhalb in unserem Impressum.<\/p>\n<p>Wir m\u00f6chten Sie jedoch darauf hinweisen, dass wir nicht bereit oder verpflichtet sind, an Streitbeilegungsverfahren vor einer Verbraucherschlichtungsstelle teilzunehmen.<\/p>\n\n<p>Die Bilder, Fotos und Grafiken auf dieser Webseite sind urheberrechtlich gesch\u00fctzt.<\/p>\n<p>Visualisierungen von <a href=\"http:\/\/www.squarebytes.at\">Squarebytes GmbH<\/a>.<\/p>\n<p>Die Bilderrechte liegen bei den folgenden Fotografen und Unternehmen:<\/p>\n<ul>\n<li>Salmannsdorfer Stra\u00dfe 88|90 Immobilien GmbH<\/li>\n<li><a href=\"http:\/\/www.squarebytes.at\">Squarebytes GmbH<\/a> (Visualisierungen)<\/li>\n<li>Frederic Perez on <a href=\"https:\/\/unsplash.com\/?utm_source=unsplash&amp;utm_medium=referral&amp;utm_content=creditCopyText\">Unsplash<\/a><\/li>\n<li>Philipp Stelzel on <a href=\"https:\/\/unsplash.com\/?utm_source=unsplash&amp;utm_medium=referral&amp;utm_content=creditCopyText\">Unsplash<\/a><\/li>\n<li>Klee am Hanslteich, Martin Sturm<\/li>\n<\/ul>\n\n<p>Wir entwickeln die Inhalte dieser Webseite st\u00e4ndig weiter und bem\u00fchen uns korrekte und aktuelle Informationen bereitzustellen. \u00a0Leider k\u00f6nnen wir keine Haftung f\u00fcr die Korrektheit aller Inhalte auf dieser Website \u00fcbernehmen, speziell f\u00fcr jene, die seitens Dritter bereitgestellt wurden. Als Diensteanbieter sind wir nicht verpflichtet, die von ihnen \u00fcbermittelten oder gespeicherten Informationen zu \u00fcberwachen oder nach Umst\u00e4nden zu forschen, die auf eine rechtswidrige T\u00e4tigkeit hinweisen.<\/p>\n<p>Unsere Verpflichtungen zur Entfernung von Informationen oder zur Sperrung der Nutzung von Informationen nach den allgemeinen Gesetzen aufgrund von gerichtlichen oder beh\u00f6rdlichen Anordnungen bleiben auch im Falle unserer Nichtverantwortlichkeit davon unber\u00fchrt.<\/p>\n<p>Sollten Ihnen problematische oder rechtswidrige Inhalte auffallen, bitte wir Sie uns umgehend zu kontaktieren, damit wir die rechtswidrigen Inhalte entfernen k\u00f6nnen. Sie finden die Kontaktdaten im Impressum.<\/p>\n\n<p>Unsere Webseite enth\u00e4lt Links zu anderen Webseiten f\u00fcr deren Inhalt wir nicht verantwortlich sind. Haftung f\u00fcr verlinkte Websites besteht f\u00fcr uns nicht, da wir keine Kenntnis rechtswidriger T\u00e4tigkeiten hatten und haben, uns solche Rechtswidrigkeiten auch bisher nicht aufgefallen sind und wir Links sofort entfernen w\u00fcrden, wenn uns Rechtswidrigkeiten bekannt werden.<\/p>\n<p>Wenn Ihnen rechtswidrige Links auf unserer Website auffallen, bitte wir Sie uns zu kontaktieren. Sie finden die Kontaktdaten im Impressum.<\/p>\n<p>&nbsp;<\/p>\n<p>&nbsp;<\/p>\n<p>&nbsp;<\/p>","protected":false},"excerpt":{"rendered":"<p>Impressum Informationspflicht laut \u00a75 E-Commerce Gesetz, \u00a714 Unternehmensgesetzbuch, \u00a763 Gewerbeordnung und Offenlegungspflicht laut \u00a725 Mediengesetz. &nbsp; Salmannsdorfer Stra\u00dfe 88|90 Immobilien GmbH Gersthofer Stra\u00dfe 29-31, 1180 Wien, \u00d6sterreich &nbsp; Gesch\u00e4ftsf\u00fchrer: Dr. Herbert Hild Unternehmensgegenstand: Erwerb, Verwaltung und Verwertung von Immobilien UID-Nummer: ATU74473857 Firmenbuchnummer: 499843p Firmenbuchgericht: Wien Firmensitz: Wien Tel.: 01 479 68 58 &nbsp; &nbsp; Werbeagentur:&hellip;<\/p>","protected":false},"author":3,"featured_media":0,"parent":0,"menu_order":0,"comment_status":"closed","ping_status":"closed","template":"","meta":[],"yoast_head":"<!-- This site is optimized with the Yoast SEO plugin v19.6.1 - https:\/\/yoast.com\/wordpress\/plugins\/seo\/ -->\n<title>Impressum - Die Residenz am Wald.<\/title>\n<meta name=\"robots\" content=\"index, follow, max-snippet:-1, max-image-preview:large, max-video-preview:-1\" \/>\n<link rel=\"canonical\" href=\"https:\/\/residenz-am-wald.at\/en\/impressum\/\" \/>\n<meta property=\"og:locale\" content=\"en_GB\" \/>\n<meta property=\"og:type\" content=\"article\" \/>\n<meta property=\"og:title\" content=\"Impressum - Die Residenz am Wald.\" \/>\n<meta property=\"og:description\" content=\"Impressum Informationspflicht laut \u00a75 E-Commerce Gesetz, \u00a714 Unternehmensgesetzbuch, \u00a763 Gewerbeordnung und Offenlegungspflicht laut \u00a725 Mediengesetz. &nbsp; Salmannsdorfer Stra\u00dfe 88|90 Immobilien GmbH Gersthofer Stra\u00dfe 29-31, 1180 Wien, \u00d6sterreich &nbsp; Gesch\u00e4ftsf\u00fchrer: Dr. Herbert Hild Unternehmensgegenstand: Erwerb, Verwaltung und Verwertung von Immobilien UID-Nummer: ATU74473857 Firmenbuchnummer: 499843p Firmenbuchgericht: Wien Firmensitz: Wien Tel.: 01 479 68 58 &nbsp; &nbsp; Werbeagentur:&hellip;\" \/>\n<meta property=\"og:url\" content=\"https:\/\/residenz-am-wald.at\/en\/impressum\/\" \/>\n<meta property=\"og:site_name\" content=\"Die Residenz am Wald.\" \/>\n<meta property=\"article:modified_time\" content=\"2021-06-02T13:26:54+00:00\" \/>\n<meta name=\"twitter:card\" content=\"summary_large_image\" \/>\n<meta name=\"twitter:label1\" content=\"Estimated reading time\" \/>\n\t<meta name=\"twitter:data1\" content=\"2 minutes\" \/>\n<script type=\"application\/ld+json\" class=\"yoast-schema-graph\">{\"@context\":\"https:\/\/schema.org\",\"@graph\":[{\"@type\":\"WebPage\",\"@id\":\"https:\/\/residenz-am-wald.at\/impressum\/\",\"url\":\"https:\/\/residenz-am-wald.at\/impressum\/\",\"name\":\"Impressum - Die Residenz am Wald.\",\"isPartOf\":{\"@id\":\"https:\/\/residenz-am-wald.at\/#website\"},\"datePublished\":\"2021-04-23T10:04:13+00:00\",\"dateModified\":\"2021-06-02T13:26:54+00:00\",\"breadcrumb\":{\"@id\":\"https:\/\/residenz-am-wald.at\/impressum\/#breadcrumb\"},\"inLanguage\":\"en-GB\",\"potentialAction\":[{\"@type\":\"ReadAction\",\"target\":[\"https:\/\/residenz-am-wald.at\/impressum\/\"]}]},{\"@type\":\"BreadcrumbList\",\"@id\":\"https:\/\/residenz-am-wald.at\/impressum\/#breadcrumb\",\"itemListElement\":[{\"@type\":\"ListItem\",\"position\":1,\"name\":\"Startseite\",\"item\":\"https:\/\/residenz-am-wald.at\/\"},{\"@type\":\"ListItem\",\"position\":2,\"name\":\"Impressum\"}]},{\"@type\":\"WebSite\",\"@id\":\"https:\/\/residenz-am-wald.at\/#website\",\"url\":\"https:\/\/residenz-am-wald.at\/\",\"name\":\"Die Residenz am Wald.\",\"description\":\"Ihr neues Zuhause im 19.\",\"potentialAction\":[{\"@type\":\"SearchAction\",\"target\":{\"@type\":\"EntryPoint\",\"urlTemplate\":\"https:\/\/residenz-am-wald.at\/?s={search_term_string}\"},\"query-input\":\"required name=search_term_string\"}],\"inLanguage\":\"en-GB\"}]}<\/script>\n<!-- \/ Yoast SEO plugin. -->","yoast_head_json":{"title":"Impressum - Die Residenz am Wald.","robots":{"index":"index","follow":"follow","max-snippet":"max-snippet:-1","max-image-preview":"max-image-preview:large","max-video-preview":"max-video-preview:-1"},"canonical":"https:\/\/residenz-am-wald.at\/en\/impressum\/","og_locale":"en_GB","og_type":"article","og_title":"Impressum - Die Residenz am Wald.","og_description":"Impressum Informationspflicht laut \u00a75 E-Commerce Gesetz, \u00a714 Unternehmensgesetzbuch, \u00a763 Gewerbeordnung und Offenlegungspflicht laut \u00a725 Mediengesetz. &nbsp; Salmannsdorfer Stra\u00dfe 88|90 Immobilien GmbH Gersthofer Stra\u00dfe 29-31, 1180 Wien, \u00d6sterreich &nbsp; Gesch\u00e4ftsf\u00fchrer: Dr. Herbert Hild Unternehmensgegenstand: Erwerb, Verwaltung und Verwertung von Immobilien UID-Nummer: ATU74473857 Firmenbuchnummer: 499843p Firmenbuchgericht: Wien Firmensitz: Wien Tel.: 01 479 68 58 &nbsp; &nbsp; Werbeagentur:&hellip;","og_url":"https:\/\/residenz-am-wald.at\/en\/impressum\/","og_site_name":"Die Residenz am Wald.","article_modified_time":"2021-06-02T13:26:54+00:00","twitter_card":"summary_large_image","twitter_misc":{"Estimated reading time":"2 minutes"},"schema":{"@context":"https:\/\/schema.org","@graph":[{"@type":"WebPage","@id":"https:\/\/residenz-am-wald.at\/impressum\/","url":"https:\/\/residenz-am-wald.at\/impressum\/","name":"Impressum - Die Residenz am Wald.","isPartOf":{"@id":"https:\/\/residenz-am-wald.at\/#website"},"datePublished":"2021-04-23T10:04:13+00:00","dateModified":"2021-06-02T13:26:54+00:00","breadcrumb":{"@id":"https:\/\/residenz-am-wald.at\/impressum\/#breadcrumb"},"inLanguage":"en-GB","potentialAction":[{"@type":"ReadAction","target":["https:\/\/residenz-am-wald.at\/impressum\/"]}]},{"@type":"BreadcrumbList","@id":"https:\/\/residenz-am-wald.at\/impressum\/#breadcrumb","itemListElement":[{"@type":"ListItem","position":1,"name":"Startseite","item":"https:\/\/residenz-am-wald.at\/"},{"@type":"ListItem","position":2,"name":"Impressum"}]},{"@type":"WebSite","@id":"https:\/\/residenz-am-wald.at\/#website","url":"https:\/\/residenz-am-wald.at\/","name":"Die Residenz am Wald.","description":"Ihr neues Zuhause im 19.","potentialAction":[{"@type":"SearchAction","target":{"@type":"EntryPoint","urlTemplate":"https:\/\/residenz-am-wald.at\/?s={search_term_string}"},"query-input":"required name=search_term_string"}],"inLanguage":"en-GB"}]}},"_links":{"self":[{"href":"https:\/\/residenz-am-wald.at\/en\/wp-json\/wp\/v2\/pages\/388"}],"collection":[{"href":"https:\/\/residenz-am-wald.at\/en\/wp-json\/wp\/v2\/pages"}],"about":[{"href":"https:\/\/residenz-am-wald.at\/en\/wp-json\/wp\/v2\/types\/page"}],"author":[{"embeddable":true,"href":"https:\/\/residenz-am-wald.at\/en\/wp-json\/wp\/v2\/users\/3"}],"replies":[{"embeddable":true,"href":"https:\/\/residenz-am-wald.at\/en\/wp-json\/wp\/v2\/comments?post=388"}],"version-history":[{"count":16,"href":"https:\/\/residenz-am-wald.at\/en\/wp-json\/wp\/v2\/pages\/388\/revisions"}],"predecessor-version":[{"id":641,"href":"https:\/\/residenz-am-wald.at\/en\/wp-json\/wp\/v2\/pages\/388\/revisions\/641"}],"wp:attachment":[{"href":"https:\/\/residenz-am-wald.at\/en\/wp-json\/wp\/v2\/media?parent=388"}],"curies":[{"name":"wp","href":"https:\/\/api.w.org\/{rel}","templated":true}]}}