{"id":20,"date":"2019-11-29T10:00:10","date_gmt":"2019-11-29T10:00:10","guid":{"rendered":"http:\/\/mptemplate.staging.raidberry.com\/?page_id=20"},"modified":"2023-08-15T16:10:05","modified_gmt":"2023-08-15T16:10:05","slug":"home","status":"publish","type":"page","link":"https:\/\/residenz-am-wald.at\/en\/","title":{"rendered":"Home"},"content":{"rendered":"<p>Project<\/p>\n\tDie Residenz am Wald.<br \/>\nYour new home in the 19th district.\n\t<p>A first glance at the architecture already reveals that this must be something very special. A remarkable apartment building in a prime location, built with a great deal of subtlety and surprising details to meet the highest demands. The Salmannsdorfer Residenz am Wald. Your new home in the 19th district.<\/p>\n\t\t\t\t<img loading=\"lazy\" src=\"https:\/\/residenz-am-wald.at\/wp-content\/uploads\/2021\/04\/LinieNeu-Sal88.png\" alt=\"LinieNeu-Sal88\" itemprop=\"image\" height=\"104\" width=\"1826\" title=\"LinieNeu-Sal88\" onerror=\"this.style.display='none'\"  \/>\n\tWas Sie erwartet, sind gro\u00dfe, lichtdurchflutete Wohnr\u00e4ume,<br \/>\ngro\u00dfz\u00fcgige Terrassen mit Fernblick sowie die Annehmlichkeiten<br \/>\neines wundersch\u00f6nen Gartens mit Pool. Doch das ist bei Weitem<br \/>\nnicht alles &#8230;\n\t\t\t\t<img loading=\"lazy\" src=\"https:\/\/residenz-am-wald.at\/wp-content\/uploads\/2021\/04\/LinieNeu-Sal88.png\" alt=\"LinieNeu-Sal88\" itemprop=\"image\" height=\"104\" width=\"1826\" title=\"LinieNeu-Sal88\" onerror=\"this.style.display='none'\"  \/>\n\t\t\t\t<img loading=\"lazy\" src=\"https:\/\/residenz-am-wald.at\/wp-content\/uploads\/2021\/05\/Cam-3_Salmannsdorferstrasse-88-90_Wohnzimmer-2_27.04.2021.jpg\" alt=\"Cam 3_Salmannsdorferstra\u00dfe 88-90_Wohnzimmer 2_27.04.2021\" itemprop=\"image\" height=\"1080\" width=\"1920\" title=\"Cam 3_Salmannsdorferstra\u00dfe 88-90_Wohnzimmer 2_27.04.2021\" onerror=\"this.style.display='none'\"  \/>\n\t<p>Ready for occupancy June 2021<\/p>\n\t<p>HIGHLIGHTS<\/p>\n\t<p>2 Penthouse-Apartments<\/p>\n\t<p>with a rooftop garden and pool<\/p>\n\t<p>8 Luxury-Apartments<\/p>\n\t<p>with garden and pool<\/p>\n\t<p>Private Bathroom<\/p>\n\t<p>for each bedroom<\/p>\n\t<p>Exclusive Equipment<\/p>\n\t<p>with handcrafted materials<\/p>\n\t<p>Private Fitness Room<\/p>\n\t<p>innovatively equipped<\/p>\n\t<p>Intelligent Elevator<\/p>\n\t<p>with RFID chip<\/p>\n\t<p>Generous Garden<\/p>\n\t<p>with pool<\/p>\n\t<p>Underground Garage<\/p>\n\t<p>with 21 parking spaces and e-charging stations<\/p>\n\tNah am Wald. Und die Stadt<br \/>\nzu Ihren F\u00fc\u00dfen.\n\t\t\t\t<img loading=\"lazy\" src=\"https:\/\/residenz-am-wald.at\/wp-content\/uploads\/2021\/04\/Frederik-Perez-forest.jpg\" alt=\"Frederik Perez forest\" itemprop=\"image\" height=\"938\" width=\"1150\" title=\"Frederik Perez forest\" onerror=\"this.style.display='none'\"  \/>\n\t\t\t\t<img loading=\"lazy\" src=\"https:\/\/residenz-am-wald.at\/wp-content\/uploads\/2021\/04\/LinieNeu-Sal88.png\" alt=\"LinieNeu-Sal88\" itemprop=\"image\" height=\"104\" width=\"1826\" title=\"LinieNeu-Sal88\" onerror=\"this.style.display='none'\"  \/>\nM\u00f6chten Sie nicht auch an einem Ort mit besonders hohem Lebenswert wohnen?<br \/>\nNah am Wald und mit einem atemberaubenden Blick auf die Stadt?\n<p>Then you are at the right address with Salmannsdorfer Stra\u00dfe.<\/p>\n\t\t\t\t<img loading=\"lazy\" src=\"https:\/\/residenz-am-wald.at\/wp-content\/uploads\/2021\/04\/LinieNeu-Sal88.png\" alt=\"LinieNeu-Sal88\" itemprop=\"image\" height=\"104\" width=\"1826\" title=\"LinieNeu-Sal88\" onerror=\"this.style.display='none'\"  \/>\n\t\t\t\t<img loading=\"lazy\" src=\"https:\/\/residenz-am-wald.at\/wp-content\/uploads\/2021\/05\/Cam-1_Salmannsdorferstrasse-88-90_Schlafzimmer-1_21.04.2021.jpg\" alt=\"Cam 1_Salmannsdorferstra\u00dfe 88-90_Schlafzimmer 1_21.04.2021\" itemprop=\"image\" height=\"1080\" width=\"1920\" title=\"Cam 1_Salmannsdorferstra\u00dfe 88-90_Schlafzimmer 1_21.04.2021\" onerror=\"this.style.display='none'\"  \/>\n\tSch\u00f6nheit kommt von innen.<br \/>\nUnd\u00a0von au\u00dfen.\n\t<p>Enjoy the architectural vision in the interior of the Residenz am Wald. From the generous room design to the hand-picked furnishings and the surprisingly useful features of a smart living system. They all add to an exclusive living atmosphere. It is completed by a near perfect infrastructure and a very family-friendly neighborhood.<\/p>\n<p>The surrounding vineyards and Heuriger are further reasons to feel comfortable in the Salmannsdorfer Residenz am Wald. In the mids of rural urbanity with cosmopolitan flair.<\/p>\n\t<p>Apartments<\/p>\n\t<p>You can choose from two luxuriously equipped penthouse apartments with a rooftop garden and pool of 251 m\u00b2 and 265 m\u00b2 and 8 high class apartments ranging from 50 m\u00b2 to 202 m\u00b2.<\/p>\n\t<p>Equipment<\/p>\n\t<p>We have left nothing to chance. Exquisite materials, carefully selected brands and furnishing details characterize the exterior and interior of the Salmannsdorfer Residenz. With a multitude of individual design possibilities. We will happily assist you with our expertise.<\/p>\n\t\t\t\t<img loading=\"lazy\" src=\"https:\/\/residenz-am-wald.at\/wp-content\/uploads\/2021\/05\/Cam-2_Salmannsdorferstrasse-88-90_Bad-_27.04.2021-1080.jpg\" alt=\"Cam 2_Salmannsdorferstra\u00dfe 88-90_Bad _27.04.2021-1080\" itemprop=\"image\" height=\"1080\" width=\"1920\" title=\"Cam 2_Salmannsdorferstra\u00dfe 88-90_Bad _27.04.2021-1080\" onerror=\"this.style.display='none'\"  \/>\n\tCharakteristik &amp;<br \/>\nEquipment\n<ul>\n<li>Contemporary architecture with plenty of open space and light<\/li>\n<li>Flat roof with greenery and pool for the penthouse apartments<\/li>\n<li>Generously designed entrance and outdoor areas<\/li>\n<li>Large, well-tended garden with pool<\/li>\n<li>Fitness room with the fitness equipment from Technogym<\/li>\n<li>Room heights up to 2.80 m<\/li>\n<li>Terraces and balconies with glass balustrades and aluminum-wood panelling<\/li>\n<li>Energy-saving space heating, air-conditioning and hot water preparation<\/li>\n<li>Wide wooden floor planks and elegant, large-format porcelain stoneware,<br \/>\nfaucets from Dornbracht and  Hansgrohe<\/li>\n<li>High-quality wood-aluminum windows with triple glazing<\/li>\n<li>Raffstore venetian blinds for windows and french doors<\/li>\n<li>All bedrooms with luxuriously equipped bathrooms<\/li>\n<li>Smart living system for lighting, sun protection,<br \/>\nintercom and alarm<\/li>\n<li>Intelligent elevator with RFID chip for elevator call and control<\/li>\n<li>Large underground garage with e-charging stations<br><br>... and more ...<\/li>\n<\/ul>\n\tIhr Fitnessraum. Exklusiv<br \/>\nund\u00a0ganz privat.\n\t<p>A whole 100 square meters, equipped with the most modern fitness equipment, makes every heart beat faster. With enough free space to practice your yoga exercises in the morning.<\/p>\n\t\t\t\t<img loading=\"lazy\" src=\"https:\/\/residenz-am-wald.at\/wp-content\/uploads\/2021\/05\/Cam-5_Salmannsdorferstrasse-88-90_Fitnesstudio_27.04.2021.jpg\" alt=\"Cam 5_Salmannsdorferstra\u00dfe 88-90_Fitnesstudio_27.04.2021\" itemprop=\"image\" height=\"1080\" width=\"1920\" title=\"Cam 5_Salmannsdorferstra\u00dfe 88-90_Fitnesstudio_27.04.2021\" onerror=\"this.style.display='none'\"  \/>\n\tAlltag war gestern. Pool<br \/>\nmit Garten ist\u00a0heute.\n\t\t\t\t<img loading=\"lazy\" src=\"https:\/\/residenz-am-wald.at\/wp-content\/uploads\/2021\/05\/iStock-1162915095-2-2.jpg\" alt=\"iStock-1162915095-2-2\" itemprop=\"image\" height=\"520\" width=\"779\" title=\"iStock-1162915095-2-2\" onerror=\"this.style.display='none'\"  \/>\n\t\t\t\t<img loading=\"lazy\" src=\"https:\/\/residenz-am-wald.at\/wp-content\/uploads\/2021\/05\/Linie-blau-mobile-final-400px.png\" alt=\"Linie-blau-mobile-final-400px\" itemprop=\"image\" height=\"8\" width=\"450\" title=\"Linie-blau-mobile-final-400px\" onerror=\"this.style.display='none'\"  \/>\n\t<p>A large, ground-level swimming pool in the well-kept\/manicured garden of the Salmannsdorfer Residenz invites you to swim and sunbathe.<\/p>\n\t\t\t\t<img loading=\"lazy\" src=\"https:\/\/residenz-am-wald.at\/wp-content\/uploads\/2021\/05\/Linie-blau-mobile-final-400px.png\" alt=\"Linie-blau-mobile-final-400px\" itemprop=\"image\" height=\"8\" width=\"450\" title=\"Linie-blau-mobile-final-400px\" onerror=\"this.style.display='none'\"  \/>\n\t<p>With 21 parking spaces, the underground garage offers enough room for all residents and their cars. With 2.80 m wide parking spaces, everyone is given easy and convenient access to their car. And so that no one is left behind, e-charging stations are included.<\/p>\n<p>Another smart feature: a smart elevator that comes when you are nearby and automatically takes you to your apartment floor.<\/p>\n\t\t\t\t<img loading=\"lazy\" src=\"https:\/\/residenz-am-wald.at\/wp-content\/uploads\/2021\/04\/BMW-i3-Concept-i-Wallbox-169FullWidth-7e0e5c07-604675.jpg\" alt=\"BMW-i3-Concept-i-Wallbox-169FullWidth-7e0e5c07-604675\" itemprop=\"image\" height=\"619\" width=\"1100\" title=\"BMW-i3-Concept-i-Wallbox-169FullWidth-7e0e5c07-604675\" onerror=\"this.style.display='none'\"  \/>\n\t<p>From the underground parking garage with the smart elevator to your own apartment.<\/p>\n\t<p>Location<\/p>\n\t\t\t\t<img loading=\"lazy\" src=\"https:\/\/residenz-am-wald.at\/wp-content\/uploads\/2021\/04\/arno-senoner-kb.jpg\" alt=\"arno-senoner-kb\" itemprop=\"image\" height=\"719\" width=\"1920\" title=\"arno-senoner-kb\" onerror=\"this.style.display='none'\"  \/>\n\t<p>The picturesque Salmannsdorf at the foot of the vineyards invites you every day anew to enjoy its beautiful nature and traditional wine culture.<\/p>\n\t<p>For example, stroll through the adjacent forest, discover well-known and lesser-known nature trails or simply unwind with a glass of wine in one of the many Heurigen. You will see: to live here means to relax. A small privilege for which you will be envied.<\/p>\n\t\t\t\t<img loading=\"lazy\" src=\"https:\/\/residenz-am-wald.at\/wp-content\/uploads\/2021\/05\/klee-2.jpg\" alt=\"klee-2\" itemprop=\"image\" height=\"900\" width=\"1440\" title=\"klee-2\" onerror=\"this.style.display='none'\"  \/>\n\t\t\t\t<img loading=\"lazy\" src=\"https:\/\/residenz-am-wald.at\/wp-content\/uploads\/2021\/04\/klee-heuriger-neu.jpg\" alt=\"\u00a9 Martin Sturm\" itemprop=\"image\" height=\"667\" width=\"1000\" title=\"klee heuriger neu\" onerror=\"this.style.display='none'\"  \/>\n\t<p>Everything here. Everything close by.<\/p>\n\t<p>Even if this resembles an advertising slogan, it underlines the many advantages of Salmannsdorf. Almost everything is here. Numerous shopping facilities, kindergartens, schools, boutiques, restaurants, pharmacies and medical practices are within easy reach.<\/p>\n<p>By the way, of interest perhaps to all the diplomats amongst you: the very popular and well-known American International School is only a few steps away. This gives your children a chance to sleep longer.<\/p>\n\t<iframe src=\"https:\/\/www.google.com\/maps\/embed\/v1\/place?q=Salmannsdorferstra%C3%9Fe+88-90%0A1190&#038;key=AIzaSyD09zQ9PNDNNy9TadMuzRV_UsPUoWKntt8\" aria-hidden=\"true\"><\/iframe>\n\t<p>INFRASTRUCTURE<\/p>\n\t<ul>\n<li>The American International School<\/li>\n<li>Elementary school Celtesgasse<\/li>\n<li>Billa and Spar (5 minutes by car)<\/li>\n<li>Kindergartens (5 minutes by car)<\/li>\n<li>Neustifter wine hiking trail<\/li>\n<li>Numerous restaurants and Heuriger<\/li>\n<\/ul>\n\tPublic transport<br \/>\n35A, 43B, N35 \/ stop Celtesgasse<br \/>\n(30 minutes to Vienna city center)<br \/>\nWestautobahn A1 (10 Autominuten)<br \/>\nFlughafen Wien &#8211; Schwechat (30 Autominuten)<br \/>\nWiener Innenstadt (30 Autominuten)","protected":false},"excerpt":{"rendered":"<p>Projekt Die Residenz am Wald. Ihr neues Zuhause im 19. Ein erster Blick auf die Architektur verr\u00e4t bereits, dass es sich hier\u00a0um etwas ganz Besonderes handeln muss. Ein bemerkenswertes\u00a0Apartmenthaus in bester Lage, das mit viel Feinsinn und\u00a0\u00fcberraschenden Details gebaut wurde, um h\u00f6chsten Anspr\u00fcchen\u00a0gerecht zu werden. Die Salmannsdorfer Residenz am Wald. Ihr\u00a0neues Zuhause im 19. Was&hellip;<\/p>","protected":false},"author":2,"featured_media":0,"parent":0,"menu_order":0,"comment_status":"closed","ping_status":"closed","template":"","meta":[],"yoast_head":"<!-- This site is optimized with the Yoast SEO plugin v19.6.1 - https:\/\/yoast.com\/wordpress\/plugins\/seo\/ -->\n<title>Die Residenz am Wald. - Ihr neues Zuhause im 19.<\/title>\n<meta name=\"description\" content=\"Ein bemerkenswertes Apartmenthaus in bester Lage, das mit viel Feinsinn und \u00fcberraschenden Details gebaut wurde, um h\u00f6chsten Anspr\u00fcchen gerecht zu werden.\" \/>\n<meta name=\"robots\" content=\"index, follow, max-snippet:-1, max-image-preview:large, max-video-preview:-1\" \/>\n<link rel=\"canonical\" href=\"https:\/\/residenz-am-wald.at\/en\/\" \/>\n<meta property=\"og:locale\" content=\"en_GB\" \/>\n<meta property=\"og:type\" content=\"article\" \/>\n<meta property=\"og:title\" content=\"Die Residenz am Wald. - Ihr neues Zuhause im 19.\" \/>\n<meta property=\"og:description\" content=\"Ein bemerkenswertes Apartmenthaus in bester Lage, das mit viel Feinsinn und \u00fcberraschenden Details gebaut wurde, um h\u00f6chsten Anspr\u00fcchen gerecht zu werden.\" \/>\n<meta property=\"og:url\" content=\"https:\/\/residenz-am-wald.at\/en\/\" \/>\n<meta property=\"og:site_name\" content=\"Die Residenz am Wald.\" \/>\n<meta property=\"article:modified_time\" content=\"2023-08-15T16:10:05+00:00\" \/>\n<meta property=\"og:image\" content=\"https:\/\/residenz-am-wald.at\/wp-content\/uploads\/2021\/05\/Frontansicht-social.jpg\" \/>\n\t<meta property=\"og:image:width\" content=\"1200\" \/>\n\t<meta property=\"og:image:height\" content=\"630\" \/>\n\t<meta property=\"og:image:type\" content=\"image\/jpeg\" \/>\n<meta name=\"twitter:card\" content=\"summary_large_image\" \/>\n<meta name=\"twitter:label1\" content=\"Estimated reading time\" \/>\n\t<meta name=\"twitter:data1\" content=\"4 minutes\" \/>\n<script type=\"application\/ld+json\" class=\"yoast-schema-graph\">{\"@context\":\"https:\/\/schema.org\",\"@graph\":[{\"@type\":\"WebPage\",\"@id\":\"https:\/\/residenz-am-wald.at\/\",\"url\":\"https:\/\/residenz-am-wald.at\/\",\"name\":\"Die Residenz am Wald. - Ihr neues Zuhause im 19.\",\"isPartOf\":{\"@id\":\"https:\/\/residenz-am-wald.at\/#website\"},\"datePublished\":\"2019-11-29T10:00:10+00:00\",\"dateModified\":\"2023-08-15T16:10:05+00:00\",\"description\":\"Ein bemerkenswertes Apartmenthaus in bester Lage, das mit viel Feinsinn und \u00fcberraschenden Details gebaut wurde, um h\u00f6chsten Anspr\u00fcchen gerecht zu werden.\",\"breadcrumb\":{\"@id\":\"https:\/\/residenz-am-wald.at\/#breadcrumb\"},\"inLanguage\":\"en-GB\",\"potentialAction\":[{\"@type\":\"ReadAction\",\"target\":[\"https:\/\/residenz-am-wald.at\/\"]}]},{\"@type\":\"BreadcrumbList\",\"@id\":\"https:\/\/residenz-am-wald.at\/#breadcrumb\",\"itemListElement\":[{\"@type\":\"ListItem\",\"position\":1,\"name\":\"Startseite\",\"item\":\"https:\/\/residenz-am-wald.at\/\"},{\"@type\":\"ListItem\",\"position\":2,\"name\":\"Home\"}]},{\"@type\":\"WebSite\",\"@id\":\"https:\/\/residenz-am-wald.at\/#website\",\"url\":\"https:\/\/residenz-am-wald.at\/\",\"name\":\"Die Residenz am Wald.\",\"description\":\"Ihr neues Zuhause im 19.\",\"potentialAction\":[{\"@type\":\"SearchAction\",\"target\":{\"@type\":\"EntryPoint\",\"urlTemplate\":\"https:\/\/residenz-am-wald.at\/?s={search_term_string}\"},\"query-input\":\"required name=search_term_string\"}],\"inLanguage\":\"en-GB\"}]}<\/script>\n<!-- \/ Yoast SEO plugin. -->","yoast_head_json":{"title":"Die Residenz am Wald. - Ihr neues Zuhause im 19.","description":"Ein bemerkenswertes Apartmenthaus in bester Lage, das mit viel Feinsinn und \u00fcberraschenden Details gebaut wurde, um h\u00f6chsten Anspr\u00fcchen gerecht zu werden.","robots":{"index":"index","follow":"follow","max-snippet":"max-snippet:-1","max-image-preview":"max-image-preview:large","max-video-preview":"max-video-preview:-1"},"canonical":"https:\/\/residenz-am-wald.at\/en\/","og_locale":"en_GB","og_type":"article","og_title":"Die Residenz am Wald. - Ihr neues Zuhause im 19.","og_description":"Ein bemerkenswertes Apartmenthaus in bester Lage, das mit viel Feinsinn und \u00fcberraschenden Details gebaut wurde, um h\u00f6chsten Anspr\u00fcchen gerecht zu werden.","og_url":"https:\/\/residenz-am-wald.at\/en\/","og_site_name":"Die Residenz am Wald.","article_modified_time":"2023-08-15T16:10:05+00:00","og_image":[{"width":1200,"height":630,"url":"https:\/\/residenz-am-wald.at\/wp-content\/uploads\/2021\/05\/Frontansicht-social.jpg","type":"image\/jpeg"}],"twitter_card":"summary_large_image","twitter_misc":{"Estimated reading time":"4 minutes"},"schema":{"@context":"https:\/\/schema.org","@graph":[{"@type":"WebPage","@id":"https:\/\/residenz-am-wald.at\/","url":"https:\/\/residenz-am-wald.at\/","name":"Die Residenz am Wald. - Ihr neues Zuhause im 19.","isPartOf":{"@id":"https:\/\/residenz-am-wald.at\/#website"},"datePublished":"2019-11-29T10:00:10+00:00","dateModified":"2023-08-15T16:10:05+00:00","description":"Ein bemerkenswertes Apartmenthaus in bester Lage, das mit viel Feinsinn und \u00fcberraschenden Details gebaut wurde, um h\u00f6chsten Anspr\u00fcchen gerecht zu werden.","breadcrumb":{"@id":"https:\/\/residenz-am-wald.at\/#breadcrumb"},"inLanguage":"en-GB","potentialAction":[{"@type":"ReadAction","target":["https:\/\/residenz-am-wald.at\/"]}]},{"@type":"BreadcrumbList","@id":"https:\/\/residenz-am-wald.at\/#breadcrumb","itemListElement":[{"@type":"ListItem","position":1,"name":"Startseite","item":"https:\/\/residenz-am-wald.at\/"},{"@type":"ListItem","position":2,"name":"Home"}]},{"@type":"WebSite","@id":"https:\/\/residenz-am-wald.at\/#website","url":"https:\/\/residenz-am-wald.at\/","name":"Die Residenz am Wald.","description":"Ihr neues Zuhause im 19.","potentialAction":[{"@type":"SearchAction","target":{"@type":"EntryPoint","urlTemplate":"https:\/\/residenz-am-wald.at\/?s={search_term_string}"},"query-input":"required name=search_term_string"}],"inLanguage":"en-GB"}]}},"_links":{"self":[{"href":"https:\/\/residenz-am-wald.at\/en\/wp-json\/wp\/v2\/pages\/20"}],"collection":[{"href":"https:\/\/residenz-am-wald.at\/en\/wp-json\/wp\/v2\/pages"}],"about":[{"href":"https:\/\/residenz-am-wald.at\/en\/wp-json\/wp\/v2\/types\/page"}],"author":[{"embeddable":true,"href":"https:\/\/residenz-am-wald.at\/en\/wp-json\/wp\/v2\/users\/2"}],"replies":[{"embeddable":true,"href":"https:\/\/residenz-am-wald.at\/en\/wp-json\/wp\/v2\/comments?post=20"}],"version-history":[{"count":282,"href":"https:\/\/residenz-am-wald.at\/en\/wp-json\/wp\/v2\/pages\/20\/revisions"}],"predecessor-version":[{"id":637,"href":"https:\/\/residenz-am-wald.at\/en\/wp-json\/wp\/v2\/pages\/20\/revisions\/637"}],"wp:attachment":[{"href":"https:\/\/residenz-am-wald.at\/en\/wp-json\/wp\/v2\/media?parent=20"}],"curies":[{"name":"wp","href":"https:\/\/api.w.org\/{rel}","templated":true}]}}